{"id":27,"date":"2023-07-05T14:37:52","date_gmt":"2023-07-05T12:37:52","guid":{"rendered":"https:\/\/sky-consulting.com\/?page_id=27"},"modified":"2025-01-12T15:14:24","modified_gmt":"2025-01-12T14:14:24","slug":"info","status":"publish","type":"page","link":"https:\/\/www.sky-consulting.com\/?page_id=27","title":{"rendered":"Info"},"content":{"rendered":"<p>Unsere Firmenentwicklung:<\/p>\n<ul>\n<li>1999 Gr\u00fcndung als reines Supportunternehmen<\/li>\n<li>2000 Inbetriebnahme der eigenen Hostinginfrastruktur<\/li>\n<li>2001 Einstieg ins Remarketing<\/li>\n<li>2011 \u00dcber 50\u2019000 Ger\u00e4te wurden der Wiederverwertung zugef\u00fchrt<\/li>\n<li>2018 Umzug der Hostinginfrastruktur in ein schweizer Rechenzentrum<\/li>\n<li>2024 25-j\u00e4hriges Firmenbestehen und besten Dank an unsere treuen Kunden<\/li>\n<\/ul>\n<p>Wir sind ein mit der Zeit gehendes Unternehmen welches neue Technologien und Trends schnell erkennt und umsetzt. Dies schafft f\u00fcr Sie als Kunde einen Mehrwert.<\/p>\n","protected":false},"excerpt":{"rendered":"<p>Unsere Firmenentwicklung: 1999 Gr\u00fcndung als reines Supportunternehmen 2000 Inbetriebnahme der eigenen Hostinginfrastruktur 2001 Einstieg ins Remarketing 2011 \u00dcber 50\u2019000 Ger\u00e4te wurden der Wiederverwertung zugef\u00fchrt 2018 Umzug der Hostinginfrastruktur in ein schweizer Rechenzentrum 2024 25-j\u00e4hriges Firmenbestehen und besten Dank an unsere treuen Kunden Wir sind ein mit der Zeit gehendes Unternehmen welches neue Technologien und Trends [&hellip;]<\/p>\n","protected":false},"author":1,"featured_media":0,"parent":0,"menu_order":4,"comment_status":"closed","ping_status":"closed","template":"","meta":{"site-sidebar-layout":"default","site-content-layout":"default","ast-site-content-layout":"default","site-content-style":"default","site-sidebar-style":"default","ast-global-header-display":"","ast-banner-title-visibility":"","ast-main-header-display":"","ast-hfb-above-header-display":"","ast-hfb-below-header-display":"","ast-hfb-mobile-header-display":"","site-post-title":"","ast-breadcrumbs-content":"","ast-featured-img":"","footer-sml-layout":"","ast-disable-related-posts":"","theme-transparent-header-meta":"default","adv-header-id-meta":"","stick-header-meta":"","header-above-stick-meta":"","header-main-stick-meta":"","header-below-stick-meta":"","astra-migrate-meta-layouts":"set","ast-page-background-enabled":"default","ast-page-background-meta":{"desktop":{"background-color":"var(--ast-global-color-4)","background-image":"","background-repeat":"repeat","background-position":"center center","background-size":"auto","background-attachment":"scroll","background-type":"","background-media":"","overlay-type":"","overlay-color":"","overlay-opacity":"","overlay-gradient":""},"tablet":{"background-color":"","background-image":"","background-repeat":"repeat","background-position":"center center","background-size":"auto","background-attachment":"scroll","background-type":"","background-media":"","overlay-type":"","overlay-color":"","overlay-opacity":"","overlay-gradient":""},"mobile":{"background-color":"","background-image":"","background-repeat":"repeat","background-position":"center center","background-size":"auto","background-attachment":"scroll","background-type":"","background-media":"","overlay-type":"","overlay-color":"","overlay-opacity":"","overlay-gradient":""}},"ast-content-background-meta":{"desktop":{"background-color":"var(--ast-global-color-5)","background-image":"","background-repeat":"repeat","background-position":"center center","background-size":"auto","background-attachment":"scroll","background-type":"","background-media":"","overlay-type":"","overlay-color":"","overlay-opacity":"","overlay-gradient":""},"tablet":{"background-color":"var(--ast-global-color-5)","background-image":"","background-repeat":"repeat","background-position":"center center","background-size":"auto","background-attachment":"scroll","background-type":"","background-media":"","overlay-type":"","overlay-color":"","overlay-opacity":"","overlay-gradient":""},"mobile":{"background-color":"var(--ast-global-color-5)","background-image":"","background-repeat":"repeat","background-position":"center center","background-size":"auto","background-attachment":"scroll","background-type":"","background-media":"","overlay-type":"","overlay-color":"","overlay-opacity":"","overlay-gradient":""}},"footnotes":""},"class_list":["post-27","page","type-page","status-publish","hentry"],"_links":{"self":[{"href":"https:\/\/www.sky-consulting.com\/index.php?rest_route=\/wp\/v2\/pages\/27","targetHints":{"allow":["GET"]}}],"collection":[{"href":"https:\/\/www.sky-consulting.com\/index.php?rest_route=\/wp\/v2\/pages"}],"about":[{"href":"https:\/\/www.sky-consulting.com\/index.php?rest_route=\/wp\/v2\/types\/page"}],"author":[{"embeddable":true,"href":"https:\/\/www.sky-consulting.com\/index.php?rest_route=\/wp\/v2\/users\/1"}],"replies":[{"embeddable":true,"href":"https:\/\/www.sky-consulting.com\/index.php?rest_route=%2Fwp%2Fv2%2Fcomments&post=27"}],"version-history":[{"count":14,"href":"https:\/\/www.sky-consulting.com\/index.php?rest_route=\/wp\/v2\/pages\/27\/revisions"}],"predecessor-version":[{"id":367,"href":"https:\/\/www.sky-consulting.com\/index.php?rest_route=\/wp\/v2\/pages\/27\/revisions\/367"}],"wp:attachment":[{"href":"https:\/\/www.sky-consulting.com\/index.php?rest_route=%2Fwp%2Fv2%2Fmedia&parent=27"}],"curies":[{"name":"wp","href":"https:\/\/api.w.org\/{rel}","templated":true}]}}